{"id":25103,"date":"2025-01-23T10:16:20","date_gmt":"2025-01-23T09:16:20","guid":{"rendered":"https:\/\/wieland.n4w.at\/product\/exposed-pop-art-that-breaks-boundaries\/"},"modified":"2026-03-04T17:30:42","modified_gmt":"2026-03-04T16:30:42","slug":"exposed-pop-art-that-breaks-boundaries","status":"publish","type":"product","link":"https:\/\/martin-wieland-arts.com\/en\/exposed-pop-art-that-breaks-boundaries\/","title":{"rendered":"EXPOSED"},"content":{"rendered":"<div class=\"rte\">\n<div class=\"group w-full text-gray-800 dark:text-gray-100 border-b border-black\/10 dark:border-gray-900\/50 bg-gray-50 dark:bg-[#444654]\">\n<div class=\"flex p-4 gap-4 text-base md:gap-6 md:max-w-2xl lg:max-w-xl xl:max-w-3xl md:py-6 lg:px-0 m-auto\">\n<div class=\"relative flex w-[calc(100%-50px)] flex-col gap-1 md:gap-3 lg:w-[calc(100%-115px)]\">\n<div class=\"flex flex-grow flex-col gap-3\">\n<div class=\"min-h-[20px] flex flex-col items-start gap-4 whitespace-pre-wrap break-words\">\n<div class=\"markdown prose w-full break-words dark:prose-invert light\"><\/div>\n<\/div>\n<\/div>\n<\/div>\n<\/div>\n<\/div>\n<\/div>\n<div class=\"rte\">\n<div class=\"woocommerce-product-details__short-description\">\n<div class=\"product__page__photos__text\">\n<h2 data-pm-slice=\"1 1 []\"><strong>Eine kraftvolle Stimme der Pop-Art<\/strong><\/h2>\n<p data-pm-slice=\"1 1 []\"><span style=\"font-size: 14pt;\">&#8220;Exposed&#8221; ist Pop-Art in ihrer radikalsten Form. Dieses Werk aus der Modern Madonna-Serie setzt auf intensive Kontraste, mutige Linien und eine Botschaft, die unter die Haut geht. Die Silhouette, umrahmt von leuchtenden Farbakzenten und strukturierten Details, zieht den Blick des Betrachters magisch an. Mit einer Mischung aus Lack, Tinte und Glitter entfaltet &#8220;Exposed&#8221; eine visuelle Sprache, die ungeschliffen, direkt und kraftvoll wirkt.<\/span><\/p>\n<p><span style=\"font-size: 14pt;\">Das Werk l\u00e4dt dazu ein, sich mit der Frage nach Verletzlichkeit und Offenheit auseinanderzusetzen. Gleichzeitig steht es f\u00fcr die Energie und den rebellischen Geist, der die Pop-Art seit jeher pr\u00e4gt. &#8220;Exposed&#8221; bricht Konventionen und schafft Raum f\u00fcr neue Perspektiven \u2013 genau das, was Pop-Art so revolution\u00e4r macht.<\/span><\/p>\n<h3><strong>Materialien und Techniken in der modernen Aktkunst<\/strong><\/h3>\n<p><span style=\"font-size: 14pt;\"><strong>&#8220;Exposed&#8221;<\/strong> wurde mit folgenden Materialien geschaffen:<\/span><\/p>\n<p><span style=\"font-size: 14pt;\"><strong>\u2022 Materialien:<\/strong>Lack, Goldspray, Glitter-\u00dcbermalung, Originalfotografie auf Fine-Art-Papier<\/span><\/p>\n<p><span style=\"font-size: 14pt;\"><strong>\u2022 Ma\u00dfe:<\/strong>24 x 35 cm<\/span><\/p>\n<p data-pm-slice=\"1 1 [&quot;list&quot;,{&quot;spread&quot;:false,&quot;start&quot;:893,&quot;end&quot;:1211},&quot;regular_list_item&quot;,{&quot;start&quot;:893,&quot;end&quot;:1160}]\"><span style=\"font-size: 14pt;\">Die Kombination aus Lack, Tinte, Glitter und \u00dcbermalung hebt &#8220;Exposed&#8221; als ein herausragendes Beispiel moderner Pop-Art hervor. Diese Materialien schaffen ein intensives Spiel aus Licht, Textur und Farbe, das sowohl visuell fesselt als auch zum Nachdenken anregt.<\/span><\/p>\n<h3 data-pm-slice=\"1 1 []\"><strong>Zeitgen\u00f6ssische Pop-Art, die fesselt<\/strong><\/h3>\n<p data-pm-slice=\"1 1 []\"><span style=\"font-size: 14pt;\">Provokativ, innovativ, un\u00fcbersehbar: &#8220;Exposed&#8221; aus der Modern Madonna-Serie ist ein Kunstwerk, das Emotionen weckt und bleibenden Eindruck hinterl\u00e4sst. Mit seinen kraftvollen Linien und markanten Kontrasten ist dieses zeitgen\u00f6ssische Pop-Art Werk mehr als Dekoration \u2013 es ist ein Gespr\u00e4chsstarter, ein Ausdruck von Individualit\u00e4t und Stil.<\/span><\/p>\n<p><span style=\"font-size: 14pt;\">Die Modern Madonna-Serie als Ganzes steht f\u00fcr eine moderne Definition von Weiblichkeit, die st\u00e4rker, freier und unkonventioneller ist. &#8220;Exposed&#8221; reiht sich nahtlos in diese Vision ein und wird dabei zum Symbol f\u00fcr k\u00fcnstlerische Freiheit.<\/span><\/p>\n<h3 data-pm-slice=\"1 1 []\"><strong>Ein rebellisches Unikat<br \/>\n<\/strong><\/h3>\n<p data-pm-slice=\"1 1 []\"><span style=\"font-size: 14pt;\">Jedes Werk der Modern Madonna-Serie ist einzigartig \u2013 handsigniert, zertifiziert und mit unverwechselbarem Charakter. &#8220;Exposed&#8221; kombiniert fotografische Elemente mit analogen Techniken und steht f\u00fcr ungez\u00e4hmte Kreativit\u00e4t und Freiheit. Dieses Kunstwerk verk\u00f6rpert die Energie einer neuen \u00c4ra. Es zieht Grenzen zwischen den Disziplinen ein, nur um sie im n\u00e4chsten Moment wieder zu \u00fcberschreiten. Der Prozess der Entstehung ist genauso spannend wie das Endergebnis selbst: Schichten von Materialien und Farben werden aufgetragen, ge\u00e4ndert und weiterentwickelt, bis das Werk eine eigene Dynamik entwickelt.<\/span><\/p>\n<h3><strong>Rahmenoptionen f\u00fcr Ihr Kunstwerk<\/strong><\/h3>\n<p data-pm-slice=\"1 1 []\"><span style=\"font-size: 14pt;\">Ein passender Rahmen sch\u00fctzt nicht nur dein Kunstwerk, sondern verst\u00e4rkt auch seine Wirkung. \u201eWhat&#8217;s Next?\u201c erlangt durch unsere ma\u00dfgefertigten Rahmen eine neue Dimension \u2013 es wird zum echten Blickfang und verleiht deinem Raum eine besondere Energie. Unsere Rahmen sind speziell abgestimmt, um das Kunstwerk optimal zu pr\u00e4sentieren. Das hochwertige Acrylglas, das wir verwenden, sch\u00fctzt dein Bild mit einem UV-Schutz von 99 % vor dem Verblassen und bewahrt die Farben \u00fcber viele Jahre. Gleichzeitig ist das Glas leicht, bruchsicher und bietet langfristigen Schutz.<\/span><\/p>\n<p><span style=\"font-size: 14pt;\">Ein hochwertiger Rahmen stellt zudem eine wertvolle Investition dar, die den Wert deines Kunstwerks steigert. Viele unserer Kunden berichten, dass die Wirkung ihrer Kunst im Rahmen noch intensiver ist \u2013 ein Detail, das den Unterschied macht. Mit der ausgezeichneten Qualit\u00e4t und Langlebigkeit unserer Rahmen kannst du dich ein Leben lang an deinem Kunstwerk erfreuen. Lass dich von uns inspirieren und finde den perfekten Rahmen, der \u201eWhat&#8217;s Next?\u201c und deinen Raum auf einzigartige Weise bereichert. F\u00fcr Fragen zu Materialien, Formaten oder Verf\u00fcgbarkeit stehen wir dir jederzeit gerne zur Verf\u00fcgung.<\/span><\/p>\n<h3><strong>Warum Sammler moderner Aktkunst &#8220;Exposed&#8221; sch\u00e4tzen<\/strong><\/h3>\n<p><span style=\"font-size: 14pt;\">Als Teil der Modern Madonna-Serie spiegelt &#8220;Exposed&#8221; die F\u00e4higkeit zeitgen\u00f6ssischer Fine Art wider, Tradition neu zu interpretieren. Jedes St\u00fcck ist handsigniert und wird mit einem Echtheitszertifikat geliefert, das seine Exklusivit\u00e4t best\u00e4tigt. Die Serie kombiniert fotografische Elemente und k\u00fcnstlerische \u00dcbermalung und schafft Werke, die zeitlos und innovativ zugleich sind. &#8220;Exposed&#8221; ist eine au\u00dfergew\u00f6hnliche Wahl f\u00fcr Sammler und zeigt die Tiefe und Innovation moderner Aktkunst auf kraftvolle und inspirierende Weise.<\/span><\/p>\n<p><span style=\"font-size: 14pt;\">Erfahre mehr \u00fcber die Entwicklung der Aktkunst in diesem informativen Artikel der Tate. <a href=\"https:\/\/www.tate.org.uk\/art\/unlock-art-brief-history-art-undressed\" target=\"_new\" rel=\"noopener\">mehr lesen<\/a><\/span><\/p>\n<\/div>\n<\/div>\n<\/div>\n<p><span style=\"font-size: 14pt;\">Entdecke weitere einzigartige Werke aus der<a href=\"https:\/\/martin-wieland-arts.com\/en\/product-category\/modern-madonnas-en\/\" target=\"_new\" rel=\"noopener\"> Modern Madonnas Collection<\/a>.<\/span><\/p>\n<h3>Bist du noch nicht sicher und brauchst noch mehr Infos?<\/h3>\n<p>Die Antworten findest du in den <span style=\"color: #ff6600;\"><a style=\"color: #ff6600;\" href=\"https:\/\/martin-wieland-arts.com\/en\/faq\/#madonnas\">Modern-Madonnas-FAQ<\/a><\/span>.<\/p>\n<p>Wenn du es lieber pers\u00f6nlich magst:<br \/>\n<div class=\"fusion-button-wrapper\"><a class=\"fusion-button button-flat fusion-button-default-size button-default fusion-button-default button-1 fusion-button-default-span fusion-button-default-type\" target=\"_self\" href=\"mailto:hello@martin-wieland-arts.com\"><span class=\"fusion-button-text awb-button__text awb-button__text--default\">Feel free to write to me<\/span><\/a><\/div><\/p>\n<p data-pm-slice=\"1 1 []\">\n<p data-pm-slice=\"1 1 []\"><strong><span style=\"font-size: 14pt;\">Hol dir &#8220;Exposed&#8221; und bring Pop-Art in ihrer pursten Form in deine Sammlung.<\/span><\/strong><\/p>\n","protected":false},"excerpt":{"rendered":"<p data-pm-slice=\"1 1 [\"list\",{\"spread\":false,\"start\":2520,\"end\":3088},\"regular_list_item\",{\"start\":2648,\"end\":2805}]\"><span style=\"font-size: 14pt;\">Experience &#8220;Exposed&#8221; &#8211; an intense work of pop art from the Modern Madonna series. Bold, direct and full of energy. Discover it now!  <\/span><\/p>\n","protected":false},"featured_media":18121,"template":"","meta":[],"product_brand":[],"product_cat":[380,370,372,375],"product_tag":[292,279,363,340,284,341,293,295,285,342],"class_list":{"0":"post-25103","1":"product","2":"type-product","3":"status-publish","4":"has-post-thumbnail","6":"product_cat-available","7":"product_cat-modern-madonnas-en","8":"product_cat-nudity","9":"product_cat-overpainting","10":"product_tag-art-en","11":"product_tag-martin-wieland-en","12":"product_tag-nude-en","13":"product_tag-one-of-a-kind-en","14":"product_tag-original-en-2","15":"product_tag-overpainting","16":"product_tag-print-en","17":"product_tag-sensual-en-2","18":"product_tag-signed","19":"product_tag-unique","20":"product_shipping_class-spedition-en","21":"pa_degroesseensize-100-x-150-cm-394-x-591-on-aludibond-en","22":"pa_degroesseensize-100-x-150-cm-39-4-x-59-1-acrylic-glass-en","23":"pa_degroesseensize-120-x-180-cm-4724-x-7086-on-aludibond-en-2","24":"pa_degroesseensize-120-x-180-cm-47-24-x-70-86-acrylic-glass","25":"pa_degroesseensize-30-x-40-cm-11-81-x-15-75","26":"pa_degroesseensize-40-x-60-cm-11-8-x-15-7","27":"pa_degroesseensize-50-x-70-cm-19-69-x-27-6-en","28":"pa_degroesseensize-70-x-100-cm-27-6-x-39-4","29":"pa_farbe-sw-black-and-white-en","30":"pa_innen-aussen-outdoor-en","31":"pa_nacktheit-yes-en","32":"pa_technik-overpainting","33":"pa_verkauft-available","35":"first","36":"instock","37":"taxable","38":"shipping-taxable","39":"purchasable","40":"product-type-simple"},"_links":{"self":[{"href":"https:\/\/martin-wieland-arts.com\/en\/wp-json\/wp\/v2\/product\/25103","targetHints":{"allow":["GET"]}}],"collection":[{"href":"https:\/\/martin-wieland-arts.com\/en\/wp-json\/wp\/v2\/product"}],"about":[{"href":"https:\/\/martin-wieland-arts.com\/en\/wp-json\/wp\/v2\/types\/product"}],"wp:featuredmedia":[{"embeddable":true,"href":"https:\/\/martin-wieland-arts.com\/en\/wp-json\/wp\/v2\/media\/18121"}],"wp:attachment":[{"href":"https:\/\/martin-wieland-arts.com\/en\/wp-json\/wp\/v2\/media?parent=25103"}],"wp:term":[{"taxonomy":"product_brand","embeddable":true,"href":"https:\/\/martin-wieland-arts.com\/en\/wp-json\/wp\/v2\/product_brand?post=25103"},{"taxonomy":"product_cat","embeddable":true,"href":"https:\/\/martin-wieland-arts.com\/en\/wp-json\/wp\/v2\/product_cat?post=25103"},{"taxonomy":"product_tag","embeddable":true,"href":"https:\/\/martin-wieland-arts.com\/en\/wp-json\/wp\/v2\/product_tag?post=25103"}],"curies":[{"name":"wp","href":"https:\/\/api.w.org\/{rel}","templated":true}]}}